{"id":854,"date":"2012-02-16T15:59:18","date_gmt":"2012-02-16T13:59:18","guid":{"rendered":"http:\/\/www.ism.com.pl\/?page_id=854"},"modified":"2021-01-08T20:06:53","modified_gmt":"2021-01-08T19:06:53","slug":"kontakt","status":"publish","type":"page","link":"https:\/\/www.ism.com.pl\/index.php\/kontakt\/","title":{"rendered":"Kontakt"},"content":{"rendered":"<div class=\"dontsplit\"><\/p>\n<p><a href='#'  class='tileanchor' topost='0' id='tile-0'><div class='tile normal' style='background-image:url(https:\/\/www.ism.com.pl\/wp-content\/themes\/modern-metro\/includes\/metroicons\/white\/128\/mobile_contact_white_128.png); background-color:#ff8e1e;'><div class='bottom-label'>\n\t\t\t\t\t<p><h4 class='tile-title '><\/h4><\/p><\/div><\/div><\/a> Dodatkowych informacji na pytania dotycz\u0105ce us\u0142ug, udzielamy w\u00a0dni powszednie w\u00a0godzinach\u00a0<strong>od 9:00 do 16:00<\/strong>.<\/p>\n<p>&nbsp;<\/p>\n<p>Infolinia dla telefon\u00f3w stacjonarnych z regionu:<\/p>\n<table style=\"text-align: left; width: 450px;\" border=\"0\" cellspacing=\"1\" cellpadding=\"1\">\n<tbody>\n<tr>\n<td style=\"vertical-align: top; width: 118px;\"><a title=\"Agencja reklamowa \u2013 Bydgoszcz\" href=\"http:\/\/www.ism.com.pl\/index.php\/kontakt\/bydgoszcz\">Bydgoszcz<\/a><\/td>\n<td style=\"vertical-align: top; width: 319px;\" colspan=\"1\" rowspan=\"1\">+48 (52) 522 20 01<\/td>\n<\/tr>\n<tr>\n<td style=\"vertical-align: top; width: 118px;\"><a title=\"Kontakt \u2013 Gda\u0144sk\" href=\"http:\/\/www.ism.com.pl\/index.php\/kontakt\/gdansk\">Gda\u0144sk<\/a><\/td>\n<td style=\"vertical-align: top; width: 319px;\" colspan=\"1\" rowspan=\"1\">+48 (58) 728 26 09<\/td>\n<\/tr>\n<tr>\n<td style=\"vertical-align: top; width: 118px;\"><a title=\"Kontakt \u2013 \u0141\u00f3d\u017a\" href=\"http:\/\/www.ism.com.pl\/index.php\/kontakt\/lodz\">\u0141\u00f3d\u017a<\/a><\/td>\n<td style=\"vertical-align: top; width: 319px;\" colspan=\"1\" rowspan=\"1\">+48 (42) 288 10 04<\/td>\n<\/tr>\n<tr>\n<td style=\"vertical-align: top; width: 118px;\"><a title=\"Agencja reklamowa \u2013 Pozna\u0144\" href=\"http:\/\/www.ism.com.pl\/index.php\/kontakt\/poznan\">Pozna\u0144<\/a><\/td>\n<td style=\"vertical-align: top; width: 319px;\" colspan=\"1\" rowspan=\"1\">+48 (61) 415 11 80<\/td>\n<\/tr>\n<tr>\n<td style=\"vertical-align: top; width: 118px;\"><a title=\"Agencja reklamowa \u2013 Warszawa\" href=\"http:\/\/www.ism.com.pl\/index.php\/kontakt\/warszawa\">Warszawa<\/a><\/td>\n<td style=\"vertical-align: top; width: 319px;\" colspan=\"1\" rowspan=\"1\">+48 (22) 188 16 29<\/td>\n<\/tr>\n<\/tbody>\n<\/table>\n<p><\/div>\n<div class=\"dontsplit\"><\/p>\n<p><div class='shortcode frame borderbox smallline' style='border-color:#ffffff;'><div class='inside'><\/p>\n<p>grupa ism<\/p>\n<p>ul. Wiejska 2<\/p>\n<p>Bydgoszcz 85-458<\/p>\n<p><\/div><\/div><\/p>\n<p>&nbsp;<\/p>\n<p>fax: +48 \u00a0(52) 569 19 60<\/p>\n<p><\/div>\n<p>&nbsp;<\/p>\n","protected":false},"excerpt":{"rendered":"<p>&nbsp;<\/p>\n","protected":false},"author":5402,"featured_media":0,"parent":0,"menu_order":6,"comment_status":"open","ping_status":"open","template":"","meta":[],"aioseo_notices":[],"_links":{"self":[{"href":"https:\/\/www.ism.com.pl\/index.php\/wp-json\/wp\/v2\/pages\/854"}],"collection":[{"href":"https:\/\/www.ism.com.pl\/index.php\/wp-json\/wp\/v2\/pages"}],"about":[{"href":"https:\/\/www.ism.com.pl\/index.php\/wp-json\/wp\/v2\/types\/page"}],"author":[{"embeddable":true,"href":"https:\/\/www.ism.com.pl\/index.php\/wp-json\/wp\/v2\/users\/5402"}],"replies":[{"embeddable":true,"href":"https:\/\/www.ism.com.pl\/index.php\/wp-json\/wp\/v2\/comments?post=854"}],"version-history":[{"count":105,"href":"https:\/\/www.ism.com.pl\/index.php\/wp-json\/wp\/v2\/pages\/854\/revisions"}],"predecessor-version":[{"id":1844,"href":"https:\/\/www.ism.com.pl\/index.php\/wp-json\/wp\/v2\/pages\/854\/revisions\/1844"}],"wp:attachment":[{"href":"https:\/\/www.ism.com.pl\/index.php\/wp-json\/wp\/v2\/media?parent=854"}],"curies":[{"name":"wp","href":"https:\/\/api.w.org\/{rel}","templated":true}]}}