{"id":841,"date":"2012-02-16T10:34:35","date_gmt":"2012-02-16T08:34:35","guid":{"rendered":"http:\/\/www.ism.com.pl\/?page_id=841"},"modified":"2014-02-07T12:15:15","modified_gmt":"2014-02-07T11:15:15","slug":"o-firmie","status":"publish","type":"page","link":"https:\/\/www.ism.com.pl\/index.php\/o-firmie\/","title":{"rendered":"O firmie"},"content":{"rendered":"<p>Grupa ism rozpocz\u0119\u0142a dzia\u0142alno\u015b\u0107 w\u00a0roku 1998 pod nazw\u0105 Intersystem\u00a0 i\u00a0od samego pocz\u0105tku zajmowa\u0142a si\u0119 elektronicznymi systemami wsparcia sprzeda\u017cy dla kana\u0142\u00f3w dystrybucyjnych.<br \/>\nPo po\u0142\u0105czeniu z\u00a0firm\u0105 webFabrique, jest og\u00f3lnopolsk\u0105 firm\u0105 zapewniaj\u0105c\u0105 reklam\u0119 i marketing z wykorzystaniem internetu jako sposobu komunikacji i zdobywania klient\u00f3w detalicznych i\u00a0przemys\u0142owych. Aby jeszcze bardziej zwi\u0119kszy\u0107 skuteczno\u015b\u0107 reklamy, naszym klientom oferujemy konsultacje i wsparcie w zakresie optymalizacji obs\u0142ugi klienta poparte wieloletnim do\u015bwiadczeniem w zakresie sprzeda\u017cy, organizacji logistyki i komunikacji elektronicznej.<\/p>\n<p>Szczeg\u00f3lny nacisk k\u0142adziemy na wykorzystanie najnowszych rozwi\u0105za\u0144 \u0142\u0105cz\u0105cych pot\u0119g\u0119 i skuteczno\u015b\u0107 tradycyjnej reklamy audiowizualnej z mediami elektronicznymi. Dzi\u0119ki temu oferujemy wyj\u0105tkowy poziom skuteczno\u015bci i globalny zasi\u0119g dzia\u0142a\u0144, kt\u00f3ry do tej pory by\u0142 dost\u0119pny wy\u0142\u0105cznie dla du\u017cych firm i mi\u0119dzynarodowych koncern\u00f3w. Teraz tak\u017ce ma\u0142e i \u015brednie firmy mog\u0105 skutecznie walczy\u0107 o nowych klient\u00f3w zar\u00f3wno na rynku lokalnym jak i odwa\u017cnie pozyskiwa\u0107 ich w obszarach, kt\u00f3re by\u0142y do tej pory dla nich niedost\u0119pne z uwagi na ograniczenia organizacyjne, geograficzne lub finansowe.<\/p>\n","protected":false},"excerpt":{"rendered":"<p>Grupa ism rozpocz\u0119\u0142a dzia\u0142alno\u015b\u0107 w\u00a0roku 1998 pod nazw\u0105 Intersystem\u00a0 i\u00a0od samego pocz\u0105tku zajmowa\u0142a si\u0119 elektronicznymi systemami wsparcia sprzeda\u017cy dla kana\u0142\u00f3w dystrybucyjnych. Po po\u0142\u0105czeniu z\u00a0firm\u0105 webFabrique, jest og\u00f3lnopolsk\u0105 firm\u0105 zapewniaj\u0105c\u0105 reklam\u0119 i marketing z wykorzystaniem internetu jako sposobu komunikacji i zdobywania klient\u00f3w detalicznych i\u00a0przemys\u0142owych. Aby jeszcze bardziej zwi\u0119kszy\u0107 skuteczno\u015b\u0107 reklamy, naszym klientom oferujemy konsultacje i wsparcie [&hellip;]<\/p>\n","protected":false},"author":5402,"featured_media":0,"parent":0,"menu_order":1,"comment_status":"open","ping_status":"open","template":"","meta":[],"aioseo_notices":[],"_links":{"self":[{"href":"https:\/\/www.ism.com.pl\/index.php\/wp-json\/wp\/v2\/pages\/841"}],"collection":[{"href":"https:\/\/www.ism.com.pl\/index.php\/wp-json\/wp\/v2\/pages"}],"about":[{"href":"https:\/\/www.ism.com.pl\/index.php\/wp-json\/wp\/v2\/types\/page"}],"author":[{"embeddable":true,"href":"https:\/\/www.ism.com.pl\/index.php\/wp-json\/wp\/v2\/users\/5402"}],"replies":[{"embeddable":true,"href":"https:\/\/www.ism.com.pl\/index.php\/wp-json\/wp\/v2\/comments?post=841"}],"version-history":[{"count":8,"href":"https:\/\/www.ism.com.pl\/index.php\/wp-json\/wp\/v2\/pages\/841\/revisions"}],"predecessor-version":[{"id":1572,"href":"https:\/\/www.ism.com.pl\/index.php\/wp-json\/wp\/v2\/pages\/841\/revisions\/1572"}],"wp:attachment":[{"href":"https:\/\/www.ism.com.pl\/index.php\/wp-json\/wp\/v2\/media?parent=841"}],"curies":[{"name":"wp","href":"https:\/\/api.w.org\/{rel}","templated":true}]}}