{"id":706,"date":"2012-01-24T16:31:57","date_gmt":"2012-01-24T14:31:57","guid":{"rendered":"http:\/\/www.ism.com.pl\/?page_id=706"},"modified":"2012-09-09T22:42:37","modified_gmt":"2012-09-09T20:42:37","slug":"dostawcy-poszukiwani","status":"publish","type":"page","link":"https:\/\/www.ism.com.pl\/index.php\/dostawcy-poszukiwani\/","title":{"rendered":"Dostawcy poszukiwani"},"content":{"rendered":"<p>Firma Intersystem s.c. poszukuje dostawc\u00f3w (producent\u00f3w, dystrybutor\u00f3w) kt\u00f3rzy w spos\u00f3b \u015bwiadomy chc\u0105 wykorzysta\u0107 internet jako skuteczne medium do promowania i sprzeda\u017cy swoich produkt\u00f3w zar\u00f3wno na terenie Polski jak i po za granicami kraju.<\/p>\n<p>Podstawowe kryteria:<\/p>\n<ul>\n<li>uporz\u0105dkowana polityka cenowa w tradycyjnym kanale dystrybucji.<\/li>\n<li>wdro\u017cone w firmie podstawowe narz\u0119dzia do komunikacji elektronicznej (email, komunikatory),<\/li>\n<li>dost\u0119p do informacji o stanach magazynowych oraz aktualnych cenach,<\/li>\n<li>zorganizowanie szkole\u0144 dotycz\u0105cych oferowanych produkt\u00f3w,<\/li>\n<li>udost\u0119pnienie sprz\u0119tu demo na potrzeby przygotowania kampanii reklamowych, film\u00f3w, sesji zdj\u0119ciowych.<\/li>\n<\/ul>\n","protected":false},"excerpt":{"rendered":"<p>Firma Intersystem s.c. poszukuje dostawc\u00f3w (producent\u00f3w, dystrybutor\u00f3w) kt\u00f3rzy w spos\u00f3b \u015bwiadomy chc\u0105 wykorzysta\u0107 internet jako skuteczne medium do promowania i sprzeda\u017cy swoich produkt\u00f3w zar\u00f3wno na terenie Polski jak i po za granicami kraju. Podstawowe kryteria: uporz\u0105dkowana polityka cenowa w tradycyjnym kanale dystrybucji. wdro\u017cone w firmie podstawowe narz\u0119dzia do komunikacji elektronicznej (email, komunikatory), dost\u0119p do informacji [&hellip;]<\/p>\n","protected":false},"author":5402,"featured_media":0,"parent":0,"menu_order":6,"comment_status":"open","ping_status":"open","template":"","meta":[],"aioseo_notices":[],"_links":{"self":[{"href":"https:\/\/www.ism.com.pl\/index.php\/wp-json\/wp\/v2\/pages\/706"}],"collection":[{"href":"https:\/\/www.ism.com.pl\/index.php\/wp-json\/wp\/v2\/pages"}],"about":[{"href":"https:\/\/www.ism.com.pl\/index.php\/wp-json\/wp\/v2\/types\/page"}],"author":[{"embeddable":true,"href":"https:\/\/www.ism.com.pl\/index.php\/wp-json\/wp\/v2\/users\/5402"}],"replies":[{"embeddable":true,"href":"https:\/\/www.ism.com.pl\/index.php\/wp-json\/wp\/v2\/comments?post=706"}],"version-history":[{"count":6,"href":"https:\/\/www.ism.com.pl\/index.php\/wp-json\/wp\/v2\/pages\/706\/revisions"}],"predecessor-version":[{"id":848,"href":"https:\/\/www.ism.com.pl\/index.php\/wp-json\/wp\/v2\/pages\/706\/revisions\/848"}],"wp:attachment":[{"href":"https:\/\/www.ism.com.pl\/index.php\/wp-json\/wp\/v2\/media?parent=706"}],"curies":[{"name":"wp","href":"https:\/\/api.w.org\/{rel}","templated":true}]}}