{"id":501,"date":"2010-04-13T14:23:40","date_gmt":"2010-04-13T12:23:40","guid":{"rendered":"http:\/\/www.ism.com.pl\/?page_id=501"},"modified":"2010-06-28T13:47:47","modified_gmt":"2010-06-28T11:47:47","slug":"techniki","status":"publish","type":"page","link":"https:\/\/www.ism.com.pl\/index.php\/sklepy-internetowe\/sprzedaz-ism\/techniki\/","title":{"rendered":"Techniki"},"content":{"rendered":"<p>W relacjach z klientem nie istnieje jedna recept\u0105 na sukces, trzeba umiej\u0119tnie zarz\u0105dza\u0107 istniej\u0105cym potencja\u0142em, wykorzystuj\u0105c w\u0142asnym atuty. Sprzeda\u017c to rodzaj gry w kt\u00f3rej wa\u017cne jest by klient nie poczu\u0142 si\u0119 oszukany lub zmuszony do zakupu, bo inaczej w jednym momencie towar sprzedamy dwa razy &#8211; pierwszy i ostatni.<\/p>\n<p>Najwa\u017cniejsze w procesie sprzeda\u017cy;<\/p>\n<ul>\n<li>kompetencja (wiarygodno\u015b\u0107 sprzedawcy buduje si\u0119 na jego kompetencji)<\/li>\n<\/ul>\n<ul>\n<li>warto\u015b\u0107 dodana (wyr\u00f3\u017cnij Tw\u00f3j produkt od innych)<\/li>\n<\/ul>\n<ul>\n<li>reakcja zwrotna (usatysfakcjonowany klient to nowa okazja do sprzeda\u017cy)<\/li>\n<\/ul>\n<p><a href=\"http:\/\/www.ism.com.pl\/index.php\/marketing-ism\/slownik-reklamy\/\">Wi\u0119cej informacji w s\u0142owniku<\/a><\/p>\n<p>Znajd\u017a atuty, wykorzystaj argumenty i wejd\u017a z nami do gry rynkowej w kt\u00f3rej stawk\u0105 jest satysfakcja klienta i Tw\u00f3j sukces.<!-- \t\t@page { size: 21cm 29.7cm; margin: 2cm } \t\tP { margin-bottom: 0.21cm } --><\/p>\n","protected":false},"excerpt":{"rendered":"<p>W relacjach z klientem nie istnieje jedna recept\u0105 na sukces, trzeba umiej\u0119tnie zarz\u0105dza\u0107 istniej\u0105cym potencja\u0142em, wykorzystuj\u0105c w\u0142asnym atuty. Sprzeda\u017c to rodzaj gry w kt\u00f3rej wa\u017cne jest by klient nie poczu\u0142 si\u0119 oszukany lub zmuszony do zakupu, bo inaczej w jednym momencie towar sprzedamy dwa razy &#8211; pierwszy i ostatni. Najwa\u017cniejsze w procesie sprzeda\u017cy; kompetencja (wiarygodno\u015b\u0107 [&hellip;]<\/p>\n","protected":false},"author":5,"featured_media":0,"parent":268,"menu_order":2,"comment_status":"open","ping_status":"open","template":"","meta":[],"aioseo_notices":[],"_links":{"self":[{"href":"https:\/\/www.ism.com.pl\/index.php\/wp-json\/wp\/v2\/pages\/501"}],"collection":[{"href":"https:\/\/www.ism.com.pl\/index.php\/wp-json\/wp\/v2\/pages"}],"about":[{"href":"https:\/\/www.ism.com.pl\/index.php\/wp-json\/wp\/v2\/types\/page"}],"author":[{"embeddable":true,"href":"https:\/\/www.ism.com.pl\/index.php\/wp-json\/wp\/v2\/users\/5"}],"replies":[{"embeddable":true,"href":"https:\/\/www.ism.com.pl\/index.php\/wp-json\/wp\/v2\/comments?post=501"}],"version-history":[{"count":10,"href":"https:\/\/www.ism.com.pl\/index.php\/wp-json\/wp\/v2\/pages\/501\/revisions"}],"predecessor-version":[{"id":509,"href":"https:\/\/www.ism.com.pl\/index.php\/wp-json\/wp\/v2\/pages\/501\/revisions\/509"}],"up":[{"embeddable":true,"href":"https:\/\/www.ism.com.pl\/index.php\/wp-json\/wp\/v2\/pages\/268"}],"wp:attachment":[{"href":"https:\/\/www.ism.com.pl\/index.php\/wp-json\/wp\/v2\/media?parent=501"}],"curies":[{"name":"wp","href":"https:\/\/api.w.org\/{rel}","templated":true}]}}