{"id":380,"date":"2010-04-09T10:11:57","date_gmt":"2010-04-09T08:11:57","guid":{"rendered":"http:\/\/www.ism.com.pl\/?page_id=380"},"modified":"2014-02-07T12:22:34","modified_gmt":"2014-02-07T11:22:34","slug":"reklama-w-internecie","status":"publish","type":"page","link":"https:\/\/www.ism.com.pl\/index.php\/reklama-w-internecie\/","title":{"rendered":"Pozyskiwanie Klient\u00f3w"},"content":{"rendered":"<p><!-- \t\t@page { size: 21cm 29.7cm; margin: 2cm } \t\tP { margin-bottom: 0.21cm } --><\/p>\n<p>Internet jest najbardziej rozwijaj\u0105cym si\u0119 medium reklamowym, przez b\u0142yskawiczne dotarcie do odbiorcy i szybk\u0105 zwrotn\u0105 reakcj\u0119 na przekaz reklamowy, daje mo\u017cliwo\u015b\u0107 kszta\u0142towania czasu trwania i bud\u017cetu kampanii. Po\u0142\u0105czenie r\u00f3\u017cnorodno\u015bci form, od tekstu przez obraz i d\u017awi\u0119k, pozwalaj\u0105 na dowolne komponowanie tre\u015bci i zwi\u0119kszanie jej si\u0142y przekazu. Jedn\u0105 z nich jest film, kt\u00f3ry umieszczony w internecie staje si\u0119 najbardziej efektywn\u0105 form\u0105 reklamy.<\/p>\n<p>Najpopularniejsze formy reklamy to;<\/p>\n<ul>\n<li>pozycjonowanie link\u00f3w<\/li>\n<\/ul>\n<ul>\n<li>banner<\/li>\n<\/ul>\n<ul>\n<li>film lub animacja<\/li>\n<\/ul>\n<ul>\n<li>reklama \u015br\u00f3dtekstowa<\/li>\n<\/ul>\n<ul>\n<li>mailing<\/li>\n<\/ul>\n<ul>\n<li>newsletter<\/li>\n<\/ul>\n<p><a href=\"http:\/\/www.ism.com.pl\/index.php\/marketing-ism\/slownik-reklamy\/\">Wi\u0119cej informacji w s\u0142owniku<\/a><\/p>\n<p>Sprawd\u017a skuteczno\u015b\u0107 reklamy internetowej w Twoim biznesie.<\/p>\n<p><!-- \t\t@page { size: 21cm 29.7cm; margin: 2cm } \t\tP { margin-bottom: 0.21cm } \t\tA:link { color: #000080; so-language: zxx; text-decoration: underline } \t\tA:visited { color: #800000; so-language: zxx; text-decoration: underline } --><!-- \t\t@page { size: 21cm 29.7cm; margin: 2cm } \t\tP { margin-bottom: 0.21cm } --><\/p>\n","protected":false},"excerpt":{"rendered":"<p>Internet jest najbardziej rozwijaj\u0105cym si\u0119 medium reklamowym, przez b\u0142yskawiczne dotarcie do odbiorcy i szybk\u0105 zwrotn\u0105 reakcj\u0119 na przekaz reklamowy, daje mo\u017cliwo\u015b\u0107 kszta\u0142towania czasu trwania i bud\u017cetu kampanii. Po\u0142\u0105czenie r\u00f3\u017cnorodno\u015bci form, od tekstu przez obraz i d\u017awi\u0119k, pozwalaj\u0105 na dowolne komponowanie tre\u015bci i zwi\u0119kszanie jej si\u0142y przekazu. Jedn\u0105 z nich jest film, kt\u00f3ry umieszczony w internecie [&hellip;]<\/p>\n","protected":false},"author":5,"featured_media":0,"parent":0,"menu_order":2,"comment_status":"open","ping_status":"open","template":"","meta":[],"aioseo_notices":[],"_links":{"self":[{"href":"https:\/\/www.ism.com.pl\/index.php\/wp-json\/wp\/v2\/pages\/380"}],"collection":[{"href":"https:\/\/www.ism.com.pl\/index.php\/wp-json\/wp\/v2\/pages"}],"about":[{"href":"https:\/\/www.ism.com.pl\/index.php\/wp-json\/wp\/v2\/types\/page"}],"author":[{"embeddable":true,"href":"https:\/\/www.ism.com.pl\/index.php\/wp-json\/wp\/v2\/users\/5"}],"replies":[{"embeddable":true,"href":"https:\/\/www.ism.com.pl\/index.php\/wp-json\/wp\/v2\/comments?post=380"}],"version-history":[{"count":19,"href":"https:\/\/www.ism.com.pl\/index.php\/wp-json\/wp\/v2\/pages\/380\/revisions"}],"predecessor-version":[{"id":1576,"href":"https:\/\/www.ism.com.pl\/index.php\/wp-json\/wp\/v2\/pages\/380\/revisions\/1576"}],"wp:attachment":[{"href":"https:\/\/www.ism.com.pl\/index.php\/wp-json\/wp\/v2\/media?parent=380"}],"curies":[{"name":"wp","href":"https:\/\/api.w.org\/{rel}","templated":true}]}}