{"id":273,"date":"2010-04-09T10:51:57","date_gmt":"2010-04-09T08:51:57","guid":{"rendered":"http:\/\/www.ism.com.pl\/?page_id=273"},"modified":"2010-06-28T13:44:17","modified_gmt":"2010-06-28T11:44:17","slug":"wydarzenia-specjalne-eventy","status":"publish","type":"page","link":"https:\/\/www.ism.com.pl\/index.php\/reklama\/wydarzenia-specjalne-eventy\/","title":{"rendered":"Wydarzenia Specjalne (event)"},"content":{"rendered":"<p><!-- \t\t@page { size: 21cm 29.7cm; margin: 2cm } \t\tP { margin-bottom: 0.21cm } --><\/p>\n<p>Tradycyjne formy reklamy bywaj\u0105 niewystarczaj\u0105ce, dlatego w komunikacji rynkowej wa\u017cna pozostanie oryginalno\u015b\u0107 i innowacyjno\u015b\u0107 dzia\u0142a\u0144. Starannie dopracowany i dostosowany do potrzeb ewent, otwiera nowe mo\u017cliwo\u015bci i zwi\u0119ksza skuteczno\u015b\u0107 dzia\u0142a\u0144 marketingowych.<\/p>\n<p>Najpopularniejsze formy;<\/p>\n<ul>\n<li>promocje w miejscu sprzeda\u017cy<\/li>\n<\/ul>\n<ul>\n<li>imprezy kulturalne i zawody sportowe jako forma promocji<\/li>\n<\/ul>\n<ul>\n<li>akcje specjalne (happening)<\/li>\n<\/ul>\n<p><a href=\"http:\/\/www.ism.com.pl\/index.php\/marketing-ism\/slownik-reklamy\/\">wi\u0119cej informacji w s\u0142owniku<\/a><\/p>\n<p><strong>Eventy<\/strong> staj\u0105 si\u0119 popularnym dzia\u0142aniem w promocji sprzeda\u017cy produkt\u00f3w wchodz\u0105cych na rynek, ich sprawdzon\u0105 skuteczno\u015b\u0107 wykorzystuje si\u0119 r\u00f3wnie\u017c w kampaniach wizerunkowych.<\/p>\n<p><span style=\"font-family: Arial,sans-serif;\"> <\/span><span style=\"font-family: Arial,sans-serif;\"><br \/>\n<\/span><\/p>\n","protected":false},"excerpt":{"rendered":"<p>Tradycyjne formy reklamy bywaj\u0105 niewystarczaj\u0105ce, dlatego w komunikacji rynkowej wa\u017cna pozostanie oryginalno\u015b\u0107 i innowacyjno\u015b\u0107 dzia\u0142a\u0144. Starannie dopracowany i dostosowany do potrzeb ewent, otwiera nowe mo\u017cliwo\u015bci i zwi\u0119ksza skuteczno\u015b\u0107 dzia\u0142a\u0144 marketingowych. Najpopularniejsze formy; promocje w miejscu sprzeda\u017cy imprezy kulturalne i zawody sportowe jako forma promocji akcje specjalne (happening) wi\u0119cej informacji w s\u0142owniku Eventy staj\u0105 si\u0119 popularnym [&hellip;]<\/p>\n","protected":false},"author":5,"featured_media":0,"parent":270,"menu_order":8,"comment_status":"open","ping_status":"open","template":"","meta":[],"aioseo_notices":[],"_links":{"self":[{"href":"https:\/\/www.ism.com.pl\/index.php\/wp-json\/wp\/v2\/pages\/273"}],"collection":[{"href":"https:\/\/www.ism.com.pl\/index.php\/wp-json\/wp\/v2\/pages"}],"about":[{"href":"https:\/\/www.ism.com.pl\/index.php\/wp-json\/wp\/v2\/types\/page"}],"author":[{"embeddable":true,"href":"https:\/\/www.ism.com.pl\/index.php\/wp-json\/wp\/v2\/users\/5"}],"replies":[{"embeddable":true,"href":"https:\/\/www.ism.com.pl\/index.php\/wp-json\/wp\/v2\/comments?post=273"}],"version-history":[{"count":16,"href":"https:\/\/www.ism.com.pl\/index.php\/wp-json\/wp\/v2\/pages\/273\/revisions"}],"predecessor-version":[{"id":434,"href":"https:\/\/www.ism.com.pl\/index.php\/wp-json\/wp\/v2\/pages\/273\/revisions\/434"}],"up":[{"embeddable":true,"href":"https:\/\/www.ism.com.pl\/index.php\/wp-json\/wp\/v2\/pages\/270"}],"wp:attachment":[{"href":"https:\/\/www.ism.com.pl\/index.php\/wp-json\/wp\/v2\/media?parent=273"}],"curies":[{"name":"wp","href":"https:\/\/api.w.org\/{rel}","templated":true}]}}