{"id":260,"date":"2010-06-28T13:35:53","date_gmt":"2010-06-28T11:35:53","guid":{"rendered":"http:\/\/www.ism.com.pl\/?page_id=260"},"modified":"2014-02-07T12:28:01","modified_gmt":"2014-02-07T11:28:01","slug":"internet","status":"publish","type":"page","link":"https:\/\/www.ism.com.pl\/index.php\/reklama\/internet\/","title":{"rendered":"INTERNET"},"content":{"rendered":"<p>&nbsp;<\/p>\n<ul>\n<li><span style=\"font-family: Arial,sans-serif;\">internet jest najbardziej rozwijaj\u0105cym si\u0119 medium reklamowym<\/span><\/li>\n<li><span style=\"font-family: Arial,sans-serif;\">b\u0142yskawiczne dotarcie do odbiorcy i szybka zwrotna reakcja na przekaz reklamowy daje mo\u017cliwo\u015b\u0107 kszta\u0142towania czasu trwania i bud\u017cetu kampanii<\/span><\/li>\n<li><span style=\"font-family: Arial,sans-serif;\">po\u0142\u0105czenie r\u00f3\u017cnorodno\u015bci form od tekstu przez obraz i d\u017awi\u0119k, pozwalaj\u0105 na dowolne komponowanie tre\u015bci i zwi\u0119kszanie jej si\u0142y przekazu<\/span><\/li>\n<li><span style=\"font-family: Arial,sans-serif;\">najpopularniejsze formy reklamy; <\/span>\n<ul>\n<li><span style=\"font-family: Arial,sans-serif;\">pozycjonowanie link\u00f3w<\/span><\/li>\n<li><span style=\"font-family: Arial,sans-serif;\">banner, film lub animacja reklamowa<\/span><\/li>\n<li><span style=\"font-family: Arial,sans-serif;\">reklama \u015br\u00f3dtekstowa <\/span><\/li>\n<\/ul>\n<\/li>\n<\/ul>\n<p>&nbsp;<\/p>\n<p>&nbsp;<\/p>\n<p><span style=\"font-family: Arial,sans-serif;\">sprawdzona skuteczno\u015b\u0107 w reklamie kierunkowej, personalnej adresowanej do bardzo konkretnego zdefiniowanego pod wzgl\u0119dem potrzeb i preferencji klienta<\/span><\/p>\n<p><a href=\"http:\/\/www.ism.com.pl\/index.php\/marketing-ism\/slownik-reklamy\/\"><span style=\"font-family: Arial,sans-serif;\">wi\u0119cej informacji w s\u0142owniku<\/span><\/a><\/p>\n","protected":false},"excerpt":{"rendered":"<p>&nbsp; internet jest najbardziej rozwijaj\u0105cym si\u0119 medium reklamowym b\u0142yskawiczne dotarcie do odbiorcy i szybka zwrotna reakcja na przekaz reklamowy daje mo\u017cliwo\u015b\u0107 kszta\u0142towania czasu trwania i bud\u017cetu kampanii po\u0142\u0105czenie r\u00f3\u017cnorodno\u015bci form od tekstu przez obraz i d\u017awi\u0119k, pozwalaj\u0105 na dowolne komponowanie tre\u015bci i zwi\u0119kszanie jej si\u0142y przekazu najpopularniejsze formy reklamy; pozycjonowanie link\u00f3w banner, film lub animacja [&hellip;]<\/p>\n","protected":false},"author":5,"featured_media":0,"parent":270,"menu_order":0,"comment_status":"open","ping_status":"open","template":"","meta":[],"aioseo_notices":[],"_links":{"self":[{"href":"https:\/\/www.ism.com.pl\/index.php\/wp-json\/wp\/v2\/pages\/260"}],"collection":[{"href":"https:\/\/www.ism.com.pl\/index.php\/wp-json\/wp\/v2\/pages"}],"about":[{"href":"https:\/\/www.ism.com.pl\/index.php\/wp-json\/wp\/v2\/types\/page"}],"author":[{"embeddable":true,"href":"https:\/\/www.ism.com.pl\/index.php\/wp-json\/wp\/v2\/users\/5"}],"replies":[{"embeddable":true,"href":"https:\/\/www.ism.com.pl\/index.php\/wp-json\/wp\/v2\/comments?post=260"}],"version-history":[{"count":10,"href":"https:\/\/www.ism.com.pl\/index.php\/wp-json\/wp\/v2\/pages\/260\/revisions"}],"predecessor-version":[{"id":839,"href":"https:\/\/www.ism.com.pl\/index.php\/wp-json\/wp\/v2\/pages\/260\/revisions\/839"}],"up":[{"embeddable":true,"href":"https:\/\/www.ism.com.pl\/index.php\/wp-json\/wp\/v2\/pages\/270"}],"wp:attachment":[{"href":"https:\/\/www.ism.com.pl\/index.php\/wp-json\/wp\/v2\/media?parent=260"}],"curies":[{"name":"wp","href":"https:\/\/api.w.org\/{rel}","templated":true}]}}