{"id":256,"date":"2010-04-09T10:41:08","date_gmt":"2010-04-09T08:41:08","guid":{"rendered":"http:\/\/www.ism.com.pl\/?page_id=256"},"modified":"2010-06-28T13:43:29","modified_gmt":"2010-06-28T11:43:29","slug":"reklama-zewnetrzna-outdoor","status":"publish","type":"page","link":"https:\/\/www.ism.com.pl\/index.php\/reklama\/reklama-zewnetrzna-outdoor\/","title":{"rendered":"Reklama Zewn\u0119trzna (outdoor)"},"content":{"rendered":"<p><!-- \t\t@page { size: 21cm 29.7cm; margin: 2cm } \t\tP { margin-bottom: 0.21cm } --><\/p>\n<p>Reklama zewn\u0119trzna, jest oceniana jako medium o masowym oddzia\u0142ywaniu a jednocze\u015bnie elastycznym zasi\u0119gu. Dociera do najbardziej aktywnych i najatrakcyjniejszych marketingowo grup konsument\u00f3w, a przez cz\u0119stotliwo\u015b\u0107 kontaktu jest odbierana jako naj\u0142atwiej zapami\u0119tywany przekaz reklamowy.<\/p>\n<p>Najpopularniejsze formy reklamy;<\/p>\n<ul>\n<li>plakat i billboard<\/li>\n<\/ul>\n<ul>\n<li>reklama na \u015brodkach transportu<\/li>\n<\/ul>\n<ul>\n<li>ekrany \u015bwietlne<\/li>\n<\/ul>\n<p><a href=\"http:\/\/www.ism.com.pl\/index.php\/marketing-ism\/slownik-reklamy\/\">wi\u0119cej informacji w s\u0142owniku<\/a><\/p>\n<p><strong>Outdoor <\/strong>jest szczeg\u00f3lnie skuteczny w reklamie produkt\u00f3w wchodz\u0105cych na rynek, cz\u0119sto w formie tzw. teaser&#8217;a.<\/p>\n<p><span style=\"font-family: Arial,sans-serif;\"> <\/span><span style=\"font-family: Arial,sans-serif;\"><br \/>\n<\/span><\/p>\n","protected":false},"excerpt":{"rendered":"<p>Reklama zewn\u0119trzna, jest oceniana jako medium o masowym oddzia\u0142ywaniu a jednocze\u015bnie elastycznym zasi\u0119gu. Dociera do najbardziej aktywnych i najatrakcyjniejszych marketingowo grup konsument\u00f3w, a przez cz\u0119stotliwo\u015b\u0107 kontaktu jest odbierana jako naj\u0142atwiej zapami\u0119tywany przekaz reklamowy. Najpopularniejsze formy reklamy; plakat i billboard reklama na \u015brodkach transportu ekrany \u015bwietlne wi\u0119cej informacji w s\u0142owniku Outdoor jest szczeg\u00f3lnie skuteczny w reklamie [&hellip;]<\/p>\n","protected":false},"author":5,"featured_media":0,"parent":270,"menu_order":6,"comment_status":"open","ping_status":"open","template":"","meta":[],"aioseo_notices":[],"_links":{"self":[{"href":"https:\/\/www.ism.com.pl\/index.php\/wp-json\/wp\/v2\/pages\/256"}],"collection":[{"href":"https:\/\/www.ism.com.pl\/index.php\/wp-json\/wp\/v2\/pages"}],"about":[{"href":"https:\/\/www.ism.com.pl\/index.php\/wp-json\/wp\/v2\/types\/page"}],"author":[{"embeddable":true,"href":"https:\/\/www.ism.com.pl\/index.php\/wp-json\/wp\/v2\/users\/5"}],"replies":[{"embeddable":true,"href":"https:\/\/www.ism.com.pl\/index.php\/wp-json\/wp\/v2\/comments?post=256"}],"version-history":[{"count":12,"href":"https:\/\/www.ism.com.pl\/index.php\/wp-json\/wp\/v2\/pages\/256\/revisions"}],"predecessor-version":[{"id":431,"href":"https:\/\/www.ism.com.pl\/index.php\/wp-json\/wp\/v2\/pages\/256\/revisions\/431"}],"up":[{"embeddable":true,"href":"https:\/\/www.ism.com.pl\/index.php\/wp-json\/wp\/v2\/pages\/270"}],"wp:attachment":[{"href":"https:\/\/www.ism.com.pl\/index.php\/wp-json\/wp\/v2\/media?parent=256"}],"curies":[{"name":"wp","href":"https:\/\/api.w.org\/{rel}","templated":true}]}}