{"id":241,"date":"2010-04-09T10:36:49","date_gmt":"2010-04-09T08:36:49","guid":{"rendered":"http:\/\/www.ism.com.pl\/?page_id=241"},"modified":"2014-02-07T12:32:28","modified_gmt":"2014-02-07T11:32:28","slug":"reklama-kinowa","status":"publish","type":"page","link":"https:\/\/www.ism.com.pl\/index.php\/reklama\/reklama-kinowa\/","title":{"rendered":"Reklama Kinowa"},"content":{"rendered":"<p><!-- \t\t@page { size: 21cm 29.7cm; margin: 2cm } \t\tP { margin-bottom: 0.21cm } --><\/p>\n<p>Reklama kinowa traktowana jest jako zbi\u00f3r r\u00f3\u017cnych form oddzia\u0142ywaj\u0105c w jednym miejscu, cz\u0119sto wyst\u0119puje jako \u201eprzed\u0142u\u017cenie\u201d lub kontynuacja reklamy telewizyjnej, jak r\u00f3wnie\u017c reklamy radiowej, prasowej i zewn\u0119trznej. Ze wzgl\u0119du na specyfik\u0119 czasu i miejsca, kino uznawane jest za jedno z najbardziej skutecznych medi\u00f3w reklamowych, a kinoman posiada zesp\u00f3\u0142 idealnych cech jako odbiorca przekaz\u00f3w marketingowych.<\/p>\n<p>Najwi\u0119ksze sieci kin posiadaj\u0105 przedstawicielstwa w du\u017cych miastach regionu, w naszym s\u0105siedztwie funkcjonuje;<\/p>\n<ul>\n<li>sie\u0107 kin MULTIKINO<\/li>\n<\/ul>\n<ul>\n<li>sie\u0107 kin CINEMA CITY<\/li>\n<\/ul>\n<p>Najpopularniejsze formy reklamy;<\/p>\n<ul>\n<li>spot filmowy i radiowy<\/li>\n<\/ul>\n<ul>\n<li>plakat i pokrewne<\/li>\n<\/ul>\n<ul>\n<li>event reklamowy<\/li>\n<\/ul>\n<p><a href=\"http:\/\/www.ism.com.pl\/index.php\/marketing-ism\/slownik-reklamy\/\">wi\u0119cej informacji w s\u0142owniku<\/a><\/p>\n<p>Skuteczno\u015b\u0107 medium, jakim jest <strong>Kino<\/strong>, zosta\u0142o wielokrotnie potwierdzone w kampaniach reklamowych produkt\u00f3w dla klient\u00f3w aktywnych i wymagaj\u0105cych.<\/p>\n<p><span style=\"font-family: Arial,sans-serif;\"><br \/>\n<\/span><\/p>\n<p><!-- \t\t@page { size: 21cm 29.7cm; margin: 2cm } \t\tP { margin-bottom: 0.21cm } --><\/p>\n","protected":false},"excerpt":{"rendered":"<p>Reklama kinowa traktowana jest jako zbi\u00f3r r\u00f3\u017cnych form oddzia\u0142ywaj\u0105c w jednym miejscu, cz\u0119sto wyst\u0119puje jako \u201eprzed\u0142u\u017cenie\u201d lub kontynuacja reklamy telewizyjnej, jak r\u00f3wnie\u017c reklamy radiowej, prasowej i zewn\u0119trznej. Ze wzgl\u0119du na specyfik\u0119 czasu i miejsca, kino uznawane jest za jedno z najbardziej skutecznych medi\u00f3w reklamowych, a kinoman posiada zesp\u00f3\u0142 idealnych cech jako odbiorca przekaz\u00f3w marketingowych. Najwi\u0119ksze [&hellip;]<\/p>\n","protected":false},"author":5,"featured_media":0,"parent":270,"menu_order":4,"comment_status":"open","ping_status":"open","template":"","meta":[],"aioseo_notices":[],"_links":{"self":[{"href":"https:\/\/www.ism.com.pl\/index.php\/wp-json\/wp\/v2\/pages\/241"}],"collection":[{"href":"https:\/\/www.ism.com.pl\/index.php\/wp-json\/wp\/v2\/pages"}],"about":[{"href":"https:\/\/www.ism.com.pl\/index.php\/wp-json\/wp\/v2\/types\/page"}],"author":[{"embeddable":true,"href":"https:\/\/www.ism.com.pl\/index.php\/wp-json\/wp\/v2\/users\/5"}],"replies":[{"embeddable":true,"href":"https:\/\/www.ism.com.pl\/index.php\/wp-json\/wp\/v2\/comments?post=241"}],"version-history":[{"count":26,"href":"https:\/\/www.ism.com.pl\/index.php\/wp-json\/wp\/v2\/pages\/241\/revisions"}],"predecessor-version":[{"id":1584,"href":"https:\/\/www.ism.com.pl\/index.php\/wp-json\/wp\/v2\/pages\/241\/revisions\/1584"}],"up":[{"embeddable":true,"href":"https:\/\/www.ism.com.pl\/index.php\/wp-json\/wp\/v2\/pages\/270"}],"wp:attachment":[{"href":"https:\/\/www.ism.com.pl\/index.php\/wp-json\/wp\/v2\/media?parent=241"}],"curies":[{"name":"wp","href":"https:\/\/api.w.org\/{rel}","templated":true}]}}