{"id":216,"date":"2010-04-08T10:55:10","date_gmt":"2010-04-08T08:55:10","guid":{"rendered":"http:\/\/www.ism.com.pl\/?page_id=216"},"modified":"2014-02-07T12:30:06","modified_gmt":"2014-02-07T11:30:06","slug":"radio","status":"publish","type":"page","link":"https:\/\/www.ism.com.pl\/index.php\/reklama\/radio\/","title":{"rendered":"Reklama Radiowa"},"content":{"rendered":"<p>&nbsp;<\/p>\n<p>&nbsp;<\/p>\n<p>&nbsp;<\/p>\n<p>Popularno\u015b\u0107 radia wynika z jego dost\u0119pno\u015bci. Operuj\u0105c s\u0142owem i d\u017awi\u0119kiem pobudza wyobra\u017ani\u0119, staj\u0105c si\u0119 tym samym bardzo indywidualnym i osobistym \u015brodkiem przekazu. Reklama radiowa jest znakomitym uzupe\u0142nieniem innych medi\u00f3w, a szczeg\u00f3lnie reklamy telewizyjnej i reklamy prasowej. Ze wzgl\u0119du na zasi\u0119g nadawania, wyst\u0119puje podzia\u0142 na rozg\u0142o\u015bnie radiowe regionalne i og\u00f3lnopolskie.<\/p>\n<p>W naszym s\u0105siedztwie funkcjonuj\u0105 m.in.;<\/p>\n<ul>\n<li>Radio GRA \u2013 rozg\u0142o\u015bnia lokalna<\/li>\n<\/ul>\n<ul>\n<li>Radio PIK \u2013 rozg\u0142o\u015bnia regionalna<\/li>\n<\/ul>\n<ul>\n<li>Radio ESKA \u2013 rozg\u0142o\u015bnia og\u00f3lnopolska<\/li>\n<\/ul>\n<p>Najpopularniejsze formy reklamy;<\/p>\n<ul>\n<li>og\u0142oszenie<\/li>\n<\/ul>\n<ul>\n<li>spot<\/li>\n<\/ul>\n<ul>\n<li>zapowiedzi sponsorskie<\/li>\n<\/ul>\n<p><a href=\"http:\/\/www.ism.com.pl\/index.php\/marketing-ism\/slownik-reklamy\/\">wi\u0119cej informacji w s\u0142owniku<\/a><\/p>\n<p>Na zwi\u0119kszenie skuteczno\u015bci <strong>Reklamy Radiowej<\/strong> mo\u017ce wp\u0142yn\u0105\u0107 zaanga\u017cowanie do jej realizacji powszechnie uznanych autorytet\u00f3w i rozpoznawalnych postaci \u015bwiata medi\u00f3w.<\/p>\n<p>&nbsp;<\/p>\n<p>&nbsp;<\/p>\n","protected":false},"excerpt":{"rendered":"<p>&nbsp; &nbsp; &nbsp; Popularno\u015b\u0107 radia wynika z jego dost\u0119pno\u015bci. Operuj\u0105c s\u0142owem i d\u017awi\u0119kiem pobudza wyobra\u017ani\u0119, staj\u0105c si\u0119 tym samym bardzo indywidualnym i osobistym \u015brodkiem przekazu. Reklama radiowa jest znakomitym uzupe\u0142nieniem innych medi\u00f3w, a szczeg\u00f3lnie reklamy telewizyjnej i reklamy prasowej. Ze wzgl\u0119du na zasi\u0119g nadawania, wyst\u0119puje podzia\u0142 na rozg\u0142o\u015bnie radiowe regionalne i og\u00f3lnopolskie. W naszym s\u0105siedztwie [&hellip;]<\/p>\n","protected":false},"author":5,"featured_media":0,"parent":270,"menu_order":2,"comment_status":"open","ping_status":"open","template":"","meta":[],"aioseo_notices":[],"_links":{"self":[{"href":"https:\/\/www.ism.com.pl\/index.php\/wp-json\/wp\/v2\/pages\/216"}],"collection":[{"href":"https:\/\/www.ism.com.pl\/index.php\/wp-json\/wp\/v2\/pages"}],"about":[{"href":"https:\/\/www.ism.com.pl\/index.php\/wp-json\/wp\/v2\/types\/page"}],"author":[{"embeddable":true,"href":"https:\/\/www.ism.com.pl\/index.php\/wp-json\/wp\/v2\/users\/5"}],"replies":[{"embeddable":true,"href":"https:\/\/www.ism.com.pl\/index.php\/wp-json\/wp\/v2\/comments?post=216"}],"version-history":[{"count":38,"href":"https:\/\/www.ism.com.pl\/index.php\/wp-json\/wp\/v2\/pages\/216\/revisions"}],"predecessor-version":[{"id":1582,"href":"https:\/\/www.ism.com.pl\/index.php\/wp-json\/wp\/v2\/pages\/216\/revisions\/1582"}],"up":[{"embeddable":true,"href":"https:\/\/www.ism.com.pl\/index.php\/wp-json\/wp\/v2\/pages\/270"}],"wp:attachment":[{"href":"https:\/\/www.ism.com.pl\/index.php\/wp-json\/wp\/v2\/media?parent=216"}],"curies":[{"name":"wp","href":"https:\/\/api.w.org\/{rel}","templated":true}]}}