{"id":214,"date":"2010-04-08T10:53:13","date_gmt":"2010-04-08T08:53:13","guid":{"rendered":"http:\/\/www.ism.com.pl\/?page_id=214"},"modified":"2014-02-07T12:29:11","modified_gmt":"2014-02-07T11:29:11","slug":"prasa","status":"publish","type":"page","link":"https:\/\/www.ism.com.pl\/index.php\/reklama\/prasa\/","title":{"rendered":"Reklama Prasowa"},"content":{"rendered":"<p><!-- \t\t@page { size: 21cm 29.7cm; margin: 2cm } \t\tP { margin-bottom: 0.21cm } --><\/p>\n<p><!-- \t\t@page { size: 21cm 29.7cm; margin: 2cm } \t\tP { margin-bottom: 0.21cm } --><\/p>\n<p>Prasa to medium, kt\u00f3re adresowane jest do \u015bwiadomego, zainteresowanego i lojalnego odbiorcy. Zaufanie czytelnika buduje si\u0119 w czasie i dlatego reklama prasowa jest oceniana jako najbardziej wiarygodna spo\u015br\u00f3d dost\u0119pnych \u015brodk\u00f3w masowego przekazu. Reklama prasowa wykorzystywana jest cz\u0119sto jako utrwalenie, wzmocnienie i rozszerzenie przekazu innych medi\u00f3w.<\/p>\n<p>Podzia\u0142 tytu\u0142\u00f3w prasowych okre\u015blony jest cyklem wydawniczym, zasi\u0119giem i tematyk\u0105. W naszym s\u0105siedztwie funkcjonuj\u0105 m.in.;<\/p>\n<ul>\n<li>Express Bydgoski \u2013 dziennik lokalny<\/li>\n<\/ul>\n<ul>\n<li>Gazeta Pomorska \u2013 dziennik regionalny<\/li>\n<\/ul>\n<ul>\n<li>Gazeta Wyborcza \u2013 dziennik og\u00f3lnopolski<\/li>\n<\/ul>\n<p>Najpopularniejsze formy reklamy;<\/p>\n<ul>\n<li>og\u0142oszenie<\/li>\n<\/ul>\n<ul>\n<li>artyku\u0142 sponsorowany<\/li>\n<\/ul>\n<ul>\n<li>insert<\/li>\n<\/ul>\n<p><a href=\"http:\/\/www.ism.com.pl\/index.php\/marketing-ism\/slownik-reklamy\/\">wi\u0119cej informacji w s\u0142owniku<\/a><\/p>\n<p>Skuteczno\u015b\u0107 <strong>Reklamy Prasowej<\/strong> w dziennikach dotyczy szczeg\u00f3lnie artyku\u0142\u00f3w codziennego u\u017cytku, w tytu\u0142ach bran\u017cowych sprawdza si\u0119 reklama artyku\u0142\u00f3w ekskluzywnych i specjalistycznych.<\/p>\n<p><!-- \t\t@page { size: 21cm 29.7cm; margin: 2cm } \t\tP { margin-bottom: 0.21cm } --><\/p>\n<p><span style=\"font-family: Arial,sans-serif;\"><br \/>\n<\/span><\/p>\n","protected":false},"excerpt":{"rendered":"<p>Prasa to medium, kt\u00f3re adresowane jest do \u015bwiadomego, zainteresowanego i lojalnego odbiorcy. Zaufanie czytelnika buduje si\u0119 w czasie i dlatego reklama prasowa jest oceniana jako najbardziej wiarygodna spo\u015br\u00f3d dost\u0119pnych \u015brodk\u00f3w masowego przekazu. Reklama prasowa wykorzystywana jest cz\u0119sto jako utrwalenie, wzmocnienie i rozszerzenie przekazu innych medi\u00f3w. Podzia\u0142 tytu\u0142\u00f3w prasowych okre\u015blony jest cyklem wydawniczym, zasi\u0119giem i tematyk\u0105. [&hellip;]<\/p>\n","protected":false},"author":5,"featured_media":0,"parent":270,"menu_order":1,"comment_status":"open","ping_status":"open","template":"","meta":[],"aioseo_notices":[],"_links":{"self":[{"href":"https:\/\/www.ism.com.pl\/index.php\/wp-json\/wp\/v2\/pages\/214"}],"collection":[{"href":"https:\/\/www.ism.com.pl\/index.php\/wp-json\/wp\/v2\/pages"}],"about":[{"href":"https:\/\/www.ism.com.pl\/index.php\/wp-json\/wp\/v2\/types\/page"}],"author":[{"embeddable":true,"href":"https:\/\/www.ism.com.pl\/index.php\/wp-json\/wp\/v2\/users\/5"}],"replies":[{"embeddable":true,"href":"https:\/\/www.ism.com.pl\/index.php\/wp-json\/wp\/v2\/comments?post=214"}],"version-history":[{"count":26,"href":"https:\/\/www.ism.com.pl\/index.php\/wp-json\/wp\/v2\/pages\/214\/revisions"}],"predecessor-version":[{"id":1581,"href":"https:\/\/www.ism.com.pl\/index.php\/wp-json\/wp\/v2\/pages\/214\/revisions\/1581"}],"up":[{"embeddable":true,"href":"https:\/\/www.ism.com.pl\/index.php\/wp-json\/wp\/v2\/pages\/270"}],"wp:attachment":[{"href":"https:\/\/www.ism.com.pl\/index.php\/wp-json\/wp\/v2\/media?parent=214"}],"curies":[{"name":"wp","href":"https:\/\/api.w.org\/{rel}","templated":true}]}}