{"id":1362,"date":"2014-01-26T15:08:09","date_gmt":"2014-01-26T14:08:09","guid":{"rendered":"http:\/\/www.ism.com.pl\/?page_id=1362"},"modified":"2014-02-07T12:11:43","modified_gmt":"2014-02-07T11:11:43","slug":"szkolenia","status":"publish","type":"page","link":"https:\/\/www.ism.com.pl\/index.php\/szkolenia\/","title":{"rendered":"Szkolenia"},"content":{"rendered":"<a href='#'  class='tileanchor' topost='0' id='tile-0'><div class='tile normal' style='background-image:url(https:\/\/www.ism.com.pl\/wp-content\/themes\/modern-metro\/includes\/metroicons\/white\/128\/education_black_board_white_128.png); background-color:#0061c3;'><div class='bottom-label'>\n\t\t\t\t\t<p><h4 class='tile-title '><\/h4><\/p><\/div><\/div><\/a>\n<p>Nasza oferta szkoleniowa skierowana jest do manager\u00f3w \u015bredniego i wy\u017cszego szczebla odpowiedzialnych za sprzeda\u017c i marketing oraz w\u0142a\u015bcicieli firm, kt\u00f3rzy chc\u0105 podnie\u015b\u0107 swoje kompetencje w zakresie planowania i wykorzystania najnowszych narz\u0119dzi reklamowych wykorzystuj\u0105cych internet jako medium skutecznej komunikacji.<\/p>\n<p>&nbsp;<\/p>\n<div class='shortcode frame borderbox smallline' style='border-color:#ffffff;'><div class='inside'><\/p>\n<p>Dodatkowo pozyskana na naszym szkoleniu wiedza pozwala na weryfikacj\u0119 mo\u017cliwo\u015bci i faktycznego poziomu us\u0142ug oferowanych przez firmy zewn\u0119trzne, agencje reklamowe i domy mediowe. Najprostszym przyk\u0142adem jak cenna jest to wiedza jest rynek firm \u015bwiadcz\u0105cych us\u0142ugi w zakresie pozycjonowania stron internetowych, gdzie ponad 90 procent klient\u00f3w staje si\u0119 ofiar\u0105 nierzetelnych firm.<\/p>\n<p><\/div><\/div>\n<p>&nbsp;<\/p>\n<div class=\"dontsplit\"><\/p>\n<p>Tematyka szkole\u0144 obejmuje<\/p>\n<ul>\n<li>podstawowe zagadnienia z zakresu wykorzystania internetu przez potencjalnych klient\u00f3w do wyszukiwania informacji oraz opiniotw\u00f3rcza moc internauty,<\/li>\n<li>przegl\u0105d dost\u0119pnych na rynku form reklamy, analiza ich skuteczno\u015bci oraz nowe trendy,<\/li>\n<li>rejonizacja, planowanie i bud\u017cetowanie internetowych kampanii reklamowych,<\/li>\n<li>ocena skuteczno\u015bci oraz koszt pozyskania klienta,<\/li>\n<li>obserwacja i reagowanie na dzia\u0142ania firm konkurencyjnych,<\/li>\n<li>dob\u00f3r i weryfikacja us\u0142ugodawc\u00f3w.<\/li>\n<\/ul>\n<p><\/div>\n<a href='http:\/\/www.ism.com.pl\/index.php\/kontakt'  class='tileanchor' topost='0' id='tile-0'><div class='tile panoramic nobg noborder'>\n\t\t\t\t<div class='featured bgcenter smallgroup fleft' style='background-image:url(); background-color:#ff8e1e;'>\n\t\t\t\t\t<div class='featured bgcenter bgnorpt' style='background-image:url(https:\/\/www.ism.com.pl\/wp-content\/themes\/modern-metro\/includes\/metroicons\/white\/48\/mobile_contact_white_48.png);'><\/div>\n\t\t\t\t<\/div>\n\t\t\t\t<p class=' xsmallline xsmalllinetop'>Kontakt<\/p>\n\t\t\t\t<p class='tertiary xsmallline '>Nasz infolinia<\/p>\n\t\t\t\t<p><\/p>\n\t\t\t<\/div><\/a>\n<p>&nbsp;<\/p>\n","protected":false},"excerpt":{"rendered":"<p>Nasza oferta szkoleniowa skierowana jest do manager\u00f3w \u015bredniego i wy\u017cszego szczebla odpowiedzialnych za sprzeda\u017c i marketing oraz w\u0142a\u015bcicieli firm, kt\u00f3rzy chc\u0105 podnie\u015b\u0107 swoje kompetencje w zakresie planowania i wykorzystania najnowszych narz\u0119dzi reklamowych wykorzystuj\u0105cych internet jako medium skutecznej komunikacji. &nbsp; &nbsp; &nbsp;<\/p>\n","protected":false},"author":5402,"featured_media":0,"parent":0,"menu_order":0,"comment_status":"closed","ping_status":"closed","template":"","meta":[],"aioseo_notices":[],"_links":{"self":[{"href":"https:\/\/www.ism.com.pl\/index.php\/wp-json\/wp\/v2\/pages\/1362"}],"collection":[{"href":"https:\/\/www.ism.com.pl\/index.php\/wp-json\/wp\/v2\/pages"}],"about":[{"href":"https:\/\/www.ism.com.pl\/index.php\/wp-json\/wp\/v2\/types\/page"}],"author":[{"embeddable":true,"href":"https:\/\/www.ism.com.pl\/index.php\/wp-json\/wp\/v2\/users\/5402"}],"replies":[{"embeddable":true,"href":"https:\/\/www.ism.com.pl\/index.php\/wp-json\/wp\/v2\/comments?post=1362"}],"version-history":[{"count":17,"href":"https:\/\/www.ism.com.pl\/index.php\/wp-json\/wp\/v2\/pages\/1362\/revisions"}],"predecessor-version":[{"id":1570,"href":"https:\/\/www.ism.com.pl\/index.php\/wp-json\/wp\/v2\/pages\/1362\/revisions\/1570"}],"wp:attachment":[{"href":"https:\/\/www.ism.com.pl\/index.php\/wp-json\/wp\/v2\/media?parent=1362"}],"curies":[{"name":"wp","href":"https:\/\/api.w.org\/{rel}","templated":true}]}}