{"id":1083,"date":"2013-12-28T18:56:50","date_gmt":"2013-12-28T17:56:50","guid":{"rendered":"http:\/\/www.ism.com.pl\/?page_id=1083"},"modified":"2014-02-07T12:10:25","modified_gmt":"2014-02-07T11:10:25","slug":"analizy-rynku","status":"publish","type":"page","link":"https:\/\/www.ism.com.pl\/index.php\/analizy-rynku\/","title":{"rendered":"Analizy rynku"},"content":{"rendered":"<a href='#'  class='tileanchor' topost='0' id='tile-0'><div class='tile normal' style='background-image:url(https:\/\/www.ism.com.pl\/wp-content\/themes\/modern-metro\/includes\/metroicons\/white\/128\/office_finish_search_white_128.png); background-color:#3191f3;'><div class='bottom-label'>\n\t\t\t\t\t<p><h4 class='tile-title '><\/h4><\/p><\/div><\/div><\/a>\n<p>Sukces naszych <a title=\"Kampanie reklamowe\" href=\"http:\/\/www.ism.com.pl\/index.php\/kampanie-reklamowe\">kampanii reklamowych<\/a> oparty jest mi\u0119dzy innymi o analiz\u0119\u00a0 docelowego rynku oraz dane z ruchu wygenerowanego przez konkretn\u0105 kampani\u0119\u00a0 w zakresie telefon\u00f3w, odwiedzin, zapyta\u0144, sprzeda\u017cy.<\/p>\n<p><img loading=\"lazy\" class=\"alignnone size-full wp-image-1338\" alt=\"Analiza rynku polska tablet laptop 2010 2013\" src=\"http:\/\/www.ism.com.pl\/wp-content\/uploads\/2013\/12\/analiza-rynku-tablet-laptop-2010-2013.jpg\" width=\"470\" height=\"184\" \/><\/a><\/p>\n<p>W oparciu o dane zewn\u0119trzne przygotowujemy <strong>raport okre\u015blaj\u0105cy zainteresowanie<\/strong> produktem, us\u0142ug\u0105 lub tematyk\u0105 w okre\u015blonym przedziale czasu lub na wybranym obszarze geograficznym. Raporty z tej grupy najlepiej sprawdzaj\u0105 si\u0119 w zakresie produkt\u00f3w detalicznych, popularnych rozwi\u0105za\u0144 oraz us\u0142ug. Pozwalaj\u0105 oceni\u0107, na jakim poziomie jest aktualne zainteresowanie konkretn\u0105 tematyk\u0105, sezonowo\u015b\u0107, jakie s\u0105 perspektywy rozwoju lub czy np. rynek si\u0119 nie kurczy, co powala unikn\u0105\u0107 inwestycji w segment bez perspektyw.<\/p>\n<p>&nbsp;<\/p>\n<p>Drugim obszarem dzia\u0142a\u0144 s\u0105 <strong>symulacje dotycz\u0105ce koszt\u00f3w oraz zasi\u0119gu <a title=\"Kampanie reklamowe\" href=\"http:\/\/www.ism.com.pl\/index.php\/kampanie-reklamowe\">kampanii reklamowych<\/a><\/strong>. Pozwalaj\u0105 one na precyzyjn\u0105 wycen\u0119 i zaplanowanie bud\u017cetu reklamowego na wiele miesi\u0119cy dla planowanych dzia\u0142a\u0144 reklamowych. Najistotniejsze jest to, \u017ce tego typu analiza dostarcza informacji do ilu konkretnie klient\u00f3w zainteresowanych okre\u015blon\u0105 tematyk\u0105 dotrzemy z konkretn\u0105 informacj\u0105 o produkcie lub us\u0142udze. Jest to nieocenione w przypadku planowania sprzeda\u017cy oraz zarz\u0105dzania zapasami magazynowymi.<\/p>\n<p>&nbsp;<\/p>\n<p>Najwi\u0119cej informacji o aktualnych zachowaniach klient\u00f3w dostarczaj\u0105 <strong>narz\u0119dzia analityczne,<\/strong> kt\u00f3re wdra\u017camy na stronach naszych klient\u00f3w. Dzi\u0119ki temu mo\u017cesz wiedzie\u0107 nie tylko ilu klient\u00f3w interesuje si\u0119 Twoj\u0105 ofert\u0105, ale tak\u017ce z jakimi informacjami si\u0119 zapoznali, ile czasu na to po\u015bwiecili, jak trafili na stron\u0119 Twojej firmy oraz z jakiego regionu kraju lub \u015bwiata. Analizy tego typu to nie tylko wykresy i dane liczbowe dotycz\u0105ce ubieg\u0142ych okres\u00f3w, ale tak\u017ce analizy na \u017cywo wyj\u0105tkowo przydatne do obserwacji jak dzia\u0142a np. reklama radiowa lub telewizyjna i czy emisja spotu reklamowego przek\u0142ada si\u0119\u00a0 na zwi\u0119kszone zainteresowanie klient\u00f3w. Zobacz na poni\u017cszym filmie zapis aktywno\u015bci u\u017cytkownik\u00f3w ilustruj\u0105cy miasta i regiony, z kt\u00f3rych trafiaj\u0105 na stron\u0119 jednej z <a title=\"Platformy dla e-biznesu\" href=\"http:\/\/www.ism.com.pl\/index.php\/platformy-dla-e-biznesu\">naszych platform dla e-biznesu<\/a>:<\/p>\n<div style='width:470px;' class='shortcode video'><iframe width=\"470\" height=\"264\" src=\"http:\/\/www.youtube.com\/embed\/RQjtGjLEJy8?feature=oembed\" frameborder=\"0\" allowfullscreen><\/iframe><\/div>\n<p>&nbsp;<\/p>\n<a href='http:\/\/www.ism.com.pl\/index.php\/kontakt'  class='tileanchor' topost='0' id='tile-0'><div class='tile panoramic nobg noborder'>\n\t\t\t\t<div class='featured bgcenter smallgroup fleft' style='background-image:url(); background-color:#ff8e1e;'>\n\t\t\t\t\t<div class='featured bgcenter bgnorpt' style='background-image:url(https:\/\/www.ism.com.pl\/wp-content\/themes\/modern-metro\/includes\/metroicons\/white\/48\/mobile_contact_white_48.png);'><\/div>\n\t\t\t\t<\/div>\n\t\t\t\t<p class=' xsmallline xsmalllinetop'>Kontakt<\/p>\n\t\t\t\t<p class='tertiary xsmallline '>Nasz infolinia<\/p>\n\t\t\t\t<p><\/p>\n\t\t\t<\/div><\/a>\n","protected":false},"excerpt":{"rendered":"<p>Sukces naszych kampanii reklamowych oparty jest mi\u0119dzy innymi o analiz\u0119\u00a0 docelowego rynku oraz dane z ruchu wygenerowanego przez konkretn\u0105 kampani\u0119\u00a0 w zakresie telefon\u00f3w, odwiedzin, zapyta\u0144, sprzeda\u017cy. W oparciu o dane zewn\u0119trzne przygotowujemy raport okre\u015blaj\u0105cy zainteresowanie produktem, us\u0142ug\u0105 lub tematyk\u0105 w okre\u015blonym przedziale czasu lub na wybranym obszarze geograficznym. Raporty z tej grupy najlepiej sprawdzaj\u0105 si\u0119 [&hellip;]<\/p>\n","protected":false},"author":5402,"featured_media":0,"parent":0,"menu_order":0,"comment_status":"closed","ping_status":"closed","template":"","meta":[],"aioseo_notices":[],"_links":{"self":[{"href":"https:\/\/www.ism.com.pl\/index.php\/wp-json\/wp\/v2\/pages\/1083"}],"collection":[{"href":"https:\/\/www.ism.com.pl\/index.php\/wp-json\/wp\/v2\/pages"}],"about":[{"href":"https:\/\/www.ism.com.pl\/index.php\/wp-json\/wp\/v2\/types\/page"}],"author":[{"embeddable":true,"href":"https:\/\/www.ism.com.pl\/index.php\/wp-json\/wp\/v2\/users\/5402"}],"replies":[{"embeddable":true,"href":"https:\/\/www.ism.com.pl\/index.php\/wp-json\/wp\/v2\/comments?post=1083"}],"version-history":[{"count":22,"href":"https:\/\/www.ism.com.pl\/index.php\/wp-json\/wp\/v2\/pages\/1083\/revisions"}],"predecessor-version":[{"id":1569,"href":"https:\/\/www.ism.com.pl\/index.php\/wp-json\/wp\/v2\/pages\/1083\/revisions\/1569"}],"wp:attachment":[{"href":"https:\/\/www.ism.com.pl\/index.php\/wp-json\/wp\/v2\/media?parent=1083"}],"curies":[{"name":"wp","href":"https:\/\/api.w.org\/{rel}","templated":true}]}}