{"id":1078,"date":"2013-12-28T18:37:18","date_gmt":"2013-12-28T17:37:18","guid":{"rendered":"http:\/\/www.ism.com.pl\/?page_id=1078"},"modified":"2014-02-07T12:01:06","modified_gmt":"2014-02-07T11:01:06","slug":"platformy-dla-e-biznesu","status":"publish","type":"page","link":"https:\/\/www.ism.com.pl\/index.php\/platformy-dla-e-biznesu\/","title":{"rendered":"Platformy dla e-biznesu"},"content":{"rendered":"<a href='#'  class='tileanchor' topost='0' id='tile-0'><div class='tile normal' style='background-image:url(https:\/\/www.ism.com.pl\/wp-content\/themes\/modern-metro\/includes\/metroicons\/white\/128\/shopping_open_white_128.png); background-color:#ff8e1e;'><div class='bottom-label'>\n\t\t\t\t\t<p><h4 class='tile-title '><\/h4><\/p><\/div><\/div><\/a>\n<p>Witryna internetowa to obecnie podstawowy spos\u00f3b prezentacji firmy oraz jej oferty. Od ponad o\u015bmiu lat rozwijamy w\u0142asn\u0105 platform\u0119 dla e-biznesu, kt\u00f3rej fundamentem jest elastyczno\u015b\u0107 zastosowa\u0144 oraz intuicyjno\u015b\u0107 dla klienta.<\/p>\n<p><img title=\"gallery link=&quot;file&quot; ids=&quot;1513,1514,1515,1516,1517,1518&quot;\" alt=\"\" src=\"http:\/\/www.ism.com.pl\/wp-includes\/js\/tinymce\/plugins\/wpgallery\/img\/t.gif\" \/>\n\t\t<style type=\"text\/css\">\n\t\t\t#gallery-1 {\n\t\t\t\tmargin: auto;\n\t\t\t}\n\t\t\t#gallery-1 .gallery-item {\n\t\t\t\tfloat: left;\n\t\t\t\tmargin-top: 10px;\n\t\t\t\ttext-align: center;\n\t\t\t\twidth: 33%;\n\t\t\t}\n\t\t\t#gallery-1 img {\n\t\t\t\tborder: 2px solid #cfcfcf;\n\t\t\t}\n\t\t\t#gallery-1 .gallery-caption {\n\t\t\t\tmargin-left: 0;\n\t\t\t}\n\t\t\t\/* see gallery_shortcode() in wp-includes\/media.php *\/\n\t\t<\/style>\n\t\t<div id='gallery-1' class='gallery galleryid-1078 gallery-columns-3 gallery-size-thumbnail'><dl class='gallery-item'>\n\t\t\t<dt class='gallery-icon portrait'>\n\t\t\t\t<a href='https:\/\/www.ism.com.pl\/wp-content\/uploads\/2013\/12\/elitedesign.jpg'><img width=\"150\" height=\"150\" src=\"https:\/\/www.ism.com.pl\/wp-content\/uploads\/2013\/12\/elitedesign-150x150.jpg\" class=\"attachment-thumbnail size-thumbnail\" alt=\"\" loading=\"lazy\" srcset=\"https:\/\/www.ism.com.pl\/wp-content\/uploads\/2013\/12\/elitedesign-150x150.jpg 150w, https:\/\/www.ism.com.pl\/wp-content\/uploads\/2013\/12\/elitedesign-40x40.jpg 40w, https:\/\/www.ism.com.pl\/wp-content\/uploads\/2013\/12\/elitedesign-80x80.jpg 80w, https:\/\/www.ism.com.pl\/wp-content\/uploads\/2013\/12\/elitedesign-310x310.jpg 310w\" sizes=\"(max-width: 150px) 100vw, 150px\" \/><\/a>\n\t\t\t<\/dt><\/dl><dl class='gallery-item'>\n\t\t\t<dt class='gallery-icon landscape'>\n\t\t\t\t<a href='https:\/\/www.ism.com.pl\/wp-content\/uploads\/2013\/12\/tanie-ogrzewanie.jpg'><img width=\"150\" height=\"150\" src=\"https:\/\/www.ism.com.pl\/wp-content\/uploads\/2013\/12\/tanie-ogrzewanie-150x150.jpg\" class=\"attachment-thumbnail size-thumbnail\" alt=\"\" loading=\"lazy\" srcset=\"https:\/\/www.ism.com.pl\/wp-content\/uploads\/2013\/12\/tanie-ogrzewanie-150x150.jpg 150w, https:\/\/www.ism.com.pl\/wp-content\/uploads\/2013\/12\/tanie-ogrzewanie-40x40.jpg 40w, https:\/\/www.ism.com.pl\/wp-content\/uploads\/2013\/12\/tanie-ogrzewanie-80x80.jpg 80w, https:\/\/www.ism.com.pl\/wp-content\/uploads\/2013\/12\/tanie-ogrzewanie-310x310.jpg 310w\" sizes=\"(max-width: 150px) 100vw, 150px\" \/><\/a>\n\t\t\t<\/dt><\/dl><dl class='gallery-item'>\n\t\t\t<dt class='gallery-icon portrait'>\n\t\t\t\t<a href='https:\/\/www.ism.com.pl\/wp-content\/uploads\/2013\/12\/smykbud.jpg'><img width=\"150\" height=\"150\" src=\"https:\/\/www.ism.com.pl\/wp-content\/uploads\/2013\/12\/smykbud-150x150.jpg\" class=\"attachment-thumbnail size-thumbnail\" alt=\"\" loading=\"lazy\" srcset=\"https:\/\/www.ism.com.pl\/wp-content\/uploads\/2013\/12\/smykbud-150x150.jpg 150w, https:\/\/www.ism.com.pl\/wp-content\/uploads\/2013\/12\/smykbud-40x40.jpg 40w, https:\/\/www.ism.com.pl\/wp-content\/uploads\/2013\/12\/smykbud-80x80.jpg 80w, https:\/\/www.ism.com.pl\/wp-content\/uploads\/2013\/12\/smykbud-310x310.jpg 310w\" sizes=\"(max-width: 150px) 100vw, 150px\" \/><\/a>\n\t\t\t<\/dt><\/dl><br style=\"clear: both\" \/><dl class='gallery-item'>\n\t\t\t<dt class='gallery-icon landscape'>\n\t\t\t\t<a href='https:\/\/www.ism.com.pl\/wp-content\/uploads\/2013\/12\/300energia.jpg'><img width=\"150\" height=\"150\" src=\"https:\/\/www.ism.com.pl\/wp-content\/uploads\/2013\/12\/300energia-150x150.jpg\" class=\"attachment-thumbnail size-thumbnail\" alt=\"\" loading=\"lazy\" srcset=\"https:\/\/www.ism.com.pl\/wp-content\/uploads\/2013\/12\/300energia-150x150.jpg 150w, https:\/\/www.ism.com.pl\/wp-content\/uploads\/2013\/12\/300energia-40x40.jpg 40w, https:\/\/www.ism.com.pl\/wp-content\/uploads\/2013\/12\/300energia-80x80.jpg 80w, https:\/\/www.ism.com.pl\/wp-content\/uploads\/2013\/12\/300energia-310x310.jpg 310w\" sizes=\"(max-width: 150px) 100vw, 150px\" \/><\/a>\n\t\t\t<\/dt><\/dl><dl class='gallery-item'>\n\t\t\t<dt class='gallery-icon landscape'>\n\t\t\t\t<a href='https:\/\/www.ism.com.pl\/wp-content\/uploads\/2013\/12\/szuflandia.jpg'><img width=\"150\" height=\"150\" src=\"https:\/\/www.ism.com.pl\/wp-content\/uploads\/2013\/12\/szuflandia-150x150.jpg\" class=\"attachment-thumbnail size-thumbnail\" alt=\"\" loading=\"lazy\" srcset=\"https:\/\/www.ism.com.pl\/wp-content\/uploads\/2013\/12\/szuflandia-150x150.jpg 150w, https:\/\/www.ism.com.pl\/wp-content\/uploads\/2013\/12\/szuflandia-40x40.jpg 40w, https:\/\/www.ism.com.pl\/wp-content\/uploads\/2013\/12\/szuflandia-80x80.jpg 80w, https:\/\/www.ism.com.pl\/wp-content\/uploads\/2013\/12\/szuflandia-310x310.jpg 310w\" sizes=\"(max-width: 150px) 100vw, 150px\" \/><\/a>\n\t\t\t<\/dt><\/dl><dl class='gallery-item'>\n\t\t\t<dt class='gallery-icon landscape'>\n\t\t\t\t<a href='https:\/\/www.ism.com.pl\/wp-content\/uploads\/2013\/12\/foxsport.jpg'><img width=\"150\" height=\"150\" src=\"https:\/\/www.ism.com.pl\/wp-content\/uploads\/2013\/12\/foxsport-150x150.jpg\" class=\"attachment-thumbnail size-thumbnail\" alt=\"\" loading=\"lazy\" srcset=\"https:\/\/www.ism.com.pl\/wp-content\/uploads\/2013\/12\/foxsport-150x150.jpg 150w, https:\/\/www.ism.com.pl\/wp-content\/uploads\/2013\/12\/foxsport-40x40.jpg 40w, https:\/\/www.ism.com.pl\/wp-content\/uploads\/2013\/12\/foxsport-80x80.jpg 80w, https:\/\/www.ism.com.pl\/wp-content\/uploads\/2013\/12\/foxsport-310x310.jpg 310w\" sizes=\"(max-width: 150px) 100vw, 150px\" \/><\/a>\n\t\t\t<\/dt><\/dl><br style=\"clear: both\" \/>\n\t\t<\/div>\n<\/p>\n<p>W celu najlepszego dopasowania witryny do strategii klienta oferujemy nast\u0119puj\u0105ce rozwi\u0105zania:<\/p>\n<p>&nbsp;<\/p>\n<p><strong>Aktywne wizyt\u00f3wki<\/strong> &#8211; serwisy www dla firm us\u0142ugowych koncentruj\u0105ce si\u0119 na bezpo\u015bredniej ofercie w po\u0142\u0105czeniu z systemem blogowym. W\u0142a\u015bciwie zaprojektowany system blogowy z odpowiednio dobran\u0105 tematyk\u0105 i systematyczn\u0105 aktualizacj\u0105, tworzy wizerunek pr\u0119\u017cnej, aktywnej firmy otwartej na potrzeby klienta i dziel\u0105cej si\u0119 z nim swym do\u015bwiadczeniem.<\/p>\n<p>&nbsp;<\/p>\n<p><strong> Witryny produktowe<\/strong> &#8211; oferowane dla producent\u00f3w i dystrybutor\u00f3w szerokiej gamy towar\u00f3w, kt\u00f3rzy poszukuj\u0105 prostej w obs\u0142udze i dost\u0119pnej cenowo platformy do prezentacji produkt\u00f3w w formie katalogu z cenami. Docelow\u0105 grup\u0105 odbiorc\u00f3w katalog\u00f3w s\u0105 klienci ko\u0144cowi oraz partnerzy handlowi odpowiedzialni za sprzeda\u017c detaliczn\u0105. Katalog taki zapewnia sp\u00f3jn\u0105 komunikacj\u0119 z kana\u0142em sprzeda\u017cy, zapewnia ujednolicenie przekazywanych\u00a0 informacji, takich jak opisy produkt\u00f3w, ilustracje, zdj\u0119cia oraz dokumentacja techniczna, a tak\u017ce wykorzystanie <a title=\"Kampanie reklamowe\" href=\"http:\/\/www.ism.com.pl\/index.php\/kampanie-reklamowe\">graficznej reklamy kontekstowej<\/a>.<\/p>\n<p>&nbsp;<\/p>\n<p><strong>Sklepy wysy\u0142kowe<\/strong> &#8211; kompletne rozwi\u0105zanie w zakresie obs\u0142ugi sprzeda\u017cy przez internet zar\u00f3wno do klient\u00f3w indywidualnych, jak i w sektorze B2B. Obejmuje ono kluczowe elementy zwi\u0105zane z obs\u0142ug\u0105 sprzeda\u017cy na du\u017c\u0105 skal\u0119 dzi\u0119ki automatyzacji najwa\u017cniejszych proces\u00f3w: przyjmowania i potwierdzania zam\u00f3wie\u0144, realizacji zlece\u0144 dla magazynu, a tak\u017ce poddostawc\u00f3w, generowanie list\u00f3w spedycyjnych, \u015bledzenie przesy\u0142ek, a tak\u017ce rozliczanie transakcji got\u00f3wkowych przez kurier\u00f3w.<\/p>\n<p>&nbsp;<\/p>\n<div class=\"dontsplit\"><\/p>\n<p><div class='shortcode frame borderbox smallline' style='border-color:#ffffff;'><div class='inside'><\/p>\n<p>Je\u017celi uwa\u017casz, \u017ce nie maj\u0105c do\u015bwiadczenia mo\u017cesz z powodzeniem uruchomi\u0107 sklep wysy\u0142kowy, znajd\u017a w\u015br\u00f3d swoich znajomych chocia\u017c jedn\u0105 osob\u0119, kt\u00f3ra tak zrobi\u0142a, odnios\u0142a sukces i sklep taki sta\u0142 si\u0119 dla niej podstawowym \u017ar\u00f3d\u0142em utrzymania<\/p>\n<p><\/div><\/div><\/p>\n<p><\/div>\n<p>&nbsp;<\/p>\n<a href='http:\/\/www.ism.com.pl\/index.php\/kontakt'  class='tileanchor' topost='0' id='tile-0'><div class='tile panoramic nobg noborder'>\n\t\t\t\t<div class='featured bgcenter smallgroup fleft' style='background-image:url(); background-color:#ff8e1e;'>\n\t\t\t\t\t<div class='featured bgcenter bgnorpt' style='background-image:url(https:\/\/www.ism.com.pl\/wp-content\/themes\/modern-metro\/includes\/metroicons\/white\/48\/mobile_contact_white_48.png);'><\/div>\n\t\t\t\t<\/div>\n\t\t\t\t<p class=' xsmallline xsmalllinetop'>Kontakt<\/p>\n\t\t\t\t<p class='tertiary xsmallline '>Nasz infolinia<\/p>\n\t\t\t\t<p><\/p>\n\t\t\t<\/div><\/a>\n<p>&nbsp;<\/p>\n","protected":false},"excerpt":{"rendered":"<p>Witryna internetowa to obecnie podstawowy spos\u00f3b prezentacji firmy oraz jej oferty. Od ponad o\u015bmiu lat rozwijamy w\u0142asn\u0105 platform\u0119 dla e-biznesu, kt\u00f3rej fundamentem jest elastyczno\u015b\u0107 zastosowa\u0144 oraz intuicyjno\u015b\u0107 dla klienta. W celu najlepszego dopasowania witryny do strategii klienta oferujemy nast\u0119puj\u0105ce rozwi\u0105zania: &nbsp; Aktywne wizyt\u00f3wki &#8211; serwisy www dla firm us\u0142ugowych koncentruj\u0105ce si\u0119 na bezpo\u015bredniej ofercie w [&hellip;]<\/p>\n","protected":false},"author":5402,"featured_media":0,"parent":0,"menu_order":0,"comment_status":"closed","ping_status":"closed","template":"","meta":[],"aioseo_notices":[],"_links":{"self":[{"href":"https:\/\/www.ism.com.pl\/index.php\/wp-json\/wp\/v2\/pages\/1078"}],"collection":[{"href":"https:\/\/www.ism.com.pl\/index.php\/wp-json\/wp\/v2\/pages"}],"about":[{"href":"https:\/\/www.ism.com.pl\/index.php\/wp-json\/wp\/v2\/types\/page"}],"author":[{"embeddable":true,"href":"https:\/\/www.ism.com.pl\/index.php\/wp-json\/wp\/v2\/users\/5402"}],"replies":[{"embeddable":true,"href":"https:\/\/www.ism.com.pl\/index.php\/wp-json\/wp\/v2\/comments?post=1078"}],"version-history":[{"count":15,"href":"https:\/\/www.ism.com.pl\/index.php\/wp-json\/wp\/v2\/pages\/1078\/revisions"}],"predecessor-version":[{"id":1564,"href":"https:\/\/www.ism.com.pl\/index.php\/wp-json\/wp\/v2\/pages\/1078\/revisions\/1564"}],"wp:attachment":[{"href":"https:\/\/www.ism.com.pl\/index.php\/wp-json\/wp\/v2\/media?parent=1078"}],"curies":[{"name":"wp","href":"https:\/\/api.w.org\/{rel}","templated":true}]}}