{"id":1076,"date":"2013-12-28T18:35:21","date_gmt":"2013-12-28T17:35:21","guid":{"rendered":"http:\/\/www.ism.com.pl\/?page_id=1076"},"modified":"2014-02-07T11:57:35","modified_gmt":"2014-02-07T10:57:35","slug":"kampanie-reklamowe","status":"publish","type":"page","link":"https:\/\/www.ism.com.pl\/index.php\/kampanie-reklamowe\/","title":{"rendered":"Kampanie reklamowe"},"content":{"rendered":"<a href='#'  class='tileanchor' topost='0' id='tile-0'><div class='tile normal' style='background-image:url(https:\/\/www.ism.com.pl\/wp-content\/themes\/modern-metro\/includes\/metroicons\/white\/128\/brands_allvoices_white_128.png); background-color:#ff8e1e;'><div class='bottom-label'>\n\t\t\t\t\t<p><h4 class='tile-title '><\/h4><\/p><\/div><\/div><\/a>\n<p>Nasza oferta skierowana jest do firm, kt\u00f3re oczekuj\u0105 bezpo\u015brednich efekt\u00f3w z przeprowadzonej akcji lub kampanii reklamowej z zachowaniem wyj\u0105tkowo konkurencyjnej ceny w stosunku do podstawowych no\u015bnik\u00f3w reklamy z XX wieku (radio, telewizja, prasa, bilbordy, ulotki).<\/p>\n<p>&nbsp;<\/p>\n<p><strong>Tekstowa reklama kontekstowa<\/strong> &#8211; przeznaczona do bezpo\u015bredniej reklamy dowolnych produkt\u00f3w lub us\u0142ug w wyszukiwarkach internetowych. Zapewnia dotarcie z bezpo\u015bredni\u0105 informacj\u0105 do klienta, kt\u00f3ry szuka konkretnego produktu, us\u0142ugi lub informacji o \u015bci\u015ble okre\u015blonej tematyce. Reklama ma posta\u0107 boxu reklamowego zawieraj\u0105cego kr\u00f3tk\u0105 informacj\u0119 tekstow\u0105 oraz linku do strony internetowej, gdzie klient otrzymuje dodatkowe informacje.<\/p>\n<p>&nbsp;<\/p>\n<p><strong>Banerowa reklama kontekstowa<\/strong> &#8211; najlepsza do d\u0142ugofalowego budowania wizerunku marki, produktu lub us\u0142ugi. Oparta jest na graficznych banerach,\u00a0 kt\u00f3re wy\u015bwietlaj\u0105 si\u0119 w sieci reklamowej. Miejsca wy\u015bwietle\u0144 dobierane s\u0105 w zale\u017cno\u015bci od zdefiniowanej tre\u015bci lub hase\u0142, co pozwala na dopasowanie tematyczne witryn.\u00a0 Link prowadzi do okre\u015blonej strony i dostarcza konkretnych u\u017cytecznych informacji dla klienta.<\/p>\n<p>&nbsp;<\/p>\n\n\t\t<style type=\"text\/css\">\n\t\t\t#gallery-1 {\n\t\t\t\tmargin: auto;\n\t\t\t}\n\t\t\t#gallery-1 .gallery-item {\n\t\t\t\tfloat: left;\n\t\t\t\tmargin-top: 10px;\n\t\t\t\ttext-align: center;\n\t\t\t\twidth: 33%;\n\t\t\t}\n\t\t\t#gallery-1 img {\n\t\t\t\tborder: 2px solid #cfcfcf;\n\t\t\t}\n\t\t\t#gallery-1 .gallery-caption {\n\t\t\t\tmargin-left: 0;\n\t\t\t}\n\t\t\t\/* see gallery_shortcode() in wp-includes\/media.php *\/\n\t\t<\/style>\n\t\t<div id='gallery-1' class='gallery galleryid-1076 gallery-columns-3 gallery-size-thumbnail'><dl class='gallery-item'>\n\t\t\t<dt class='gallery-icon landscape'>\n\t\t\t\t<a href='https:\/\/www.ism.com.pl\/wp-content\/uploads\/2013\/12\/tekstowa-reklama-kontekstowa.jpg'><img width=\"150\" height=\"150\" src=\"https:\/\/www.ism.com.pl\/wp-content\/uploads\/2013\/12\/tekstowa-reklama-kontekstowa-150x150.jpg\" class=\"attachment-thumbnail size-thumbnail\" alt=\"\" loading=\"lazy\" aria-describedby=\"gallery-1-1369\" srcset=\"https:\/\/www.ism.com.pl\/wp-content\/uploads\/2013\/12\/tekstowa-reklama-kontekstowa-150x150.jpg 150w, https:\/\/www.ism.com.pl\/wp-content\/uploads\/2013\/12\/tekstowa-reklama-kontekstowa-40x40.jpg 40w, https:\/\/www.ism.com.pl\/wp-content\/uploads\/2013\/12\/tekstowa-reklama-kontekstowa-80x80.jpg 80w, https:\/\/www.ism.com.pl\/wp-content\/uploads\/2013\/12\/tekstowa-reklama-kontekstowa-310x310.jpg 310w\" sizes=\"(max-width: 150px) 100vw, 150px\" \/><\/a>\n\t\t\t<\/dt>\n\t\t\t\t<dd class='wp-caption-text gallery-caption' id='gallery-1-1369'>\n\t\t\t\tTekstowa reklama kontekstowa\n\t\t\t\t<\/dd><\/dl><dl class='gallery-item'>\n\t\t\t<dt class='gallery-icon landscape'>\n\t\t\t\t<a href='https:\/\/www.ism.com.pl\/wp-content\/uploads\/2013\/12\/banerowa-reklama-kontekstowa.jpg'><img width=\"150\" height=\"150\" src=\"https:\/\/www.ism.com.pl\/wp-content\/uploads\/2013\/12\/banerowa-reklama-kontekstowa-150x150.jpg\" class=\"attachment-thumbnail size-thumbnail\" alt=\"\" loading=\"lazy\" aria-describedby=\"gallery-1-1368\" srcset=\"https:\/\/www.ism.com.pl\/wp-content\/uploads\/2013\/12\/banerowa-reklama-kontekstowa-150x150.jpg 150w, https:\/\/www.ism.com.pl\/wp-content\/uploads\/2013\/12\/banerowa-reklama-kontekstowa-40x40.jpg 40w, https:\/\/www.ism.com.pl\/wp-content\/uploads\/2013\/12\/banerowa-reklama-kontekstowa-80x80.jpg 80w, https:\/\/www.ism.com.pl\/wp-content\/uploads\/2013\/12\/banerowa-reklama-kontekstowa-310x310.jpg 310w\" sizes=\"(max-width: 150px) 100vw, 150px\" \/><\/a>\n\t\t\t<\/dt>\n\t\t\t\t<dd class='wp-caption-text gallery-caption' id='gallery-1-1368'>\n\t\t\t\tBanerowa reklama kontekstowa\n\t\t\t\t<\/dd><\/dl><dl class='gallery-item'>\n\t\t\t<dt class='gallery-icon landscape'>\n\t\t\t\t<a href='https:\/\/www.ism.com.pl\/wp-content\/uploads\/2013\/12\/graficzna-reklama-kontekstowa.jpg'><img width=\"150\" height=\"150\" src=\"https:\/\/www.ism.com.pl\/wp-content\/uploads\/2013\/12\/graficzna-reklama-kontekstowa-150x150.jpg\" class=\"attachment-thumbnail size-thumbnail\" alt=\"\" loading=\"lazy\" aria-describedby=\"gallery-1-1370\" srcset=\"https:\/\/www.ism.com.pl\/wp-content\/uploads\/2013\/12\/graficzna-reklama-kontekstowa-150x150.jpg 150w, https:\/\/www.ism.com.pl\/wp-content\/uploads\/2013\/12\/graficzna-reklama-kontekstowa-40x40.jpg 40w, https:\/\/www.ism.com.pl\/wp-content\/uploads\/2013\/12\/graficzna-reklama-kontekstowa-80x80.jpg 80w, https:\/\/www.ism.com.pl\/wp-content\/uploads\/2013\/12\/graficzna-reklama-kontekstowa-310x310.jpg 310w\" sizes=\"(max-width: 150px) 100vw, 150px\" \/><\/a>\n\t\t\t<\/dt>\n\t\t\t\t<dd class='wp-caption-text gallery-caption' id='gallery-1-1370'>\n\t\t\t\tGraficzna reklama kontekstowa\n\t\t\t\t<\/dd><\/dl><br style=\"clear: both\" \/>\n\t\t<\/div>\n\n<p>&nbsp;<\/p>\n<p><strong>Graficzna reklama kontekstowa<\/strong> &#8211; optymalna do reklamowania konkretnych produkt\u00f3w. Emitowana w sieci wyszukiwarek jako box zawieraj\u0105cy zdj\u0119cie, nazw\u0119 produktu oraz aktualn\u0105 cen\u0119.\u00a0 Z uwagi na \u015bcis\u0142e dopasowanie wynik\u00f3w wyszukiwania, ta forma reklamy najlepiej dzia\u0142a na klienta, kt\u00f3ry jest ju\u017c na ko\u0144cowym etapie zakupu produktu.<\/p>\n<p>&nbsp;<\/p>\n<div class=\"dontsplit\"><\/p>\n<p><div class='shortcode frame borderbox smallline' style='border-color:#ffffff;'><div class='inside'><\/p>\n<p>Ka\u017cda z przedstawionych kampanii mo\u017ce by\u0107 realizowana osobno, jak i w po\u0142\u0105czeniu z pozosta\u0142ymi, co dodatkowo daje efekt synergii i zmniejsza nak\u0142ady przy zachowaniu tych samych efekt\u00f3w.<\/p>\n<p><\/div><\/div><\/p>\n<p><\/div>\n<p>&nbsp;<\/p>\n<a href='http:\/\/www.ism.com.pl\/index.php\/kontakt'  class='tileanchor' topost='0' id='tile-0'><div class='tile panoramic nobg noborder'>\n\t\t\t\t<div class='featured bgcenter smallgroup fleft' style='background-image:url(); background-color:#ff8e1e;'>\n\t\t\t\t\t<div class='featured bgcenter bgnorpt' style='background-image:url(https:\/\/www.ism.com.pl\/wp-content\/themes\/modern-metro\/includes\/metroicons\/white\/48\/mobile_contact_white_48.png);'><\/div>\n\t\t\t\t<\/div>\n\t\t\t\t<p class=' xsmallline xsmalllinetop'>Kontakt<\/p>\n\t\t\t\t<p class='tertiary xsmallline '>Nasz infolinia<\/p>\n\t\t\t\t<p><\/p>\n\t\t\t<\/div><\/a>\n<p>&nbsp;<\/p>\n","protected":false},"excerpt":{"rendered":"<p>Nasza oferta skierowana jest do firm, kt\u00f3re oczekuj\u0105 bezpo\u015brednich efekt\u00f3w z przeprowadzonej akcji lub kampanii reklamowej z zachowaniem wyj\u0105tkowo konkurencyjnej ceny w stosunku do podstawowych no\u015bnik\u00f3w reklamy z XX wieku (radio, telewizja, prasa, bilbordy, ulotki). &nbsp; Tekstowa reklama kontekstowa &#8211; przeznaczona do bezpo\u015bredniej reklamy dowolnych produkt\u00f3w lub us\u0142ug w wyszukiwarkach internetowych. Zapewnia dotarcie z bezpo\u015bredni\u0105 [&hellip;]<\/p>\n","protected":false},"author":5402,"featured_media":0,"parent":0,"menu_order":0,"comment_status":"closed","ping_status":"closed","template":"","meta":[],"aioseo_notices":[],"_links":{"self":[{"href":"https:\/\/www.ism.com.pl\/index.php\/wp-json\/wp\/v2\/pages\/1076"}],"collection":[{"href":"https:\/\/www.ism.com.pl\/index.php\/wp-json\/wp\/v2\/pages"}],"about":[{"href":"https:\/\/www.ism.com.pl\/index.php\/wp-json\/wp\/v2\/types\/page"}],"author":[{"embeddable":true,"href":"https:\/\/www.ism.com.pl\/index.php\/wp-json\/wp\/v2\/users\/5402"}],"replies":[{"embeddable":true,"href":"https:\/\/www.ism.com.pl\/index.php\/wp-json\/wp\/v2\/comments?post=1076"}],"version-history":[{"count":32,"href":"https:\/\/www.ism.com.pl\/index.php\/wp-json\/wp\/v2\/pages\/1076\/revisions"}],"predecessor-version":[{"id":1562,"href":"https:\/\/www.ism.com.pl\/index.php\/wp-json\/wp\/v2\/pages\/1076\/revisions\/1562"}],"wp:attachment":[{"href":"https:\/\/www.ism.com.pl\/index.php\/wp-json\/wp\/v2\/media?parent=1076"}],"curies":[{"name":"wp","href":"https:\/\/api.w.org\/{rel}","templated":true}]}}